{"id":1887,"date":"2023-08-19T19:38:12","date_gmt":"2023-08-19T17:38:12","guid":{"rendered":"http:\/\/jehiqvg.cluster030.hosting.ovh.net\/?page_id=1887"},"modified":"2023-12-29T16:49:24","modified_gmt":"2023-12-29T15:49:24","slug":"amenagement-de-jardin","status":"publish","type":"page","link":"http:\/\/flotravaux.fr\/index.php\/amenagement-de-jardin\/","title":{"rendered":"Am\u00e9nagement de jardins"},"content":{"rendered":"\t\t<div data-elementor-type=\"wp-page\" data-elementor-id=\"1887\" class=\"elementor elementor-1887\">\n\t\t\t\t\t\t<section class=\"elementor-section elementor-top-section elementor-element elementor-element-61a5f05 elementor-section-boxed elementor-section-height-default elementor-section-height-default\" data-id=\"61a5f05\" data-element_type=\"section\" data-e-type=\"section\" data-settings=\"{&quot;background_background&quot;:&quot;classic&quot;}\">\n\t\t\t\t\t\t\t<div class=\"elementor-background-overlay\"><\/div>\n\t\t\t\t\t\t\t<div class=\"elementor-container elementor-column-gap-no\">\n\t\t\t\t\t<div class=\"elementor-column elementor-col-100 elementor-top-column elementor-element elementor-element-fc3dbda\" data-id=\"fc3dbda\" data-element_type=\"column\" data-e-type=\"column\">\n\t\t\t<div class=\"elementor-widget-wrap elementor-element-populated\">\n\t\t\t\t\t\t<div class=\"elementor-element elementor-element-ce7f049 elementor-widget elementor-widget-heading\" data-id=\"ce7f049\" data-element_type=\"widget\" data-e-type=\"widget\" data-widget_type=\"heading.default\">\n\t\t\t\t<div class=\"elementor-widget-container\">\n\t\t\t\t\t<h1 class=\"elementor-heading-title elementor-size-default\">Am\u00e9nagement de jardins<\/h1>\t\t\t\t<\/div>\n\t\t\t\t<\/div>\n\t\t\t\t\t<\/div>\n\t\t<\/div>\n\t\t\t\t\t<\/div>\n\t\t<\/section>\n\t\t\t\t<section class=\"elementor-section elementor-top-section elementor-element elementor-element-a8b7cbc elementor-section-boxed elementor-section-height-default elementor-section-height-default\" data-id=\"a8b7cbc\" data-element_type=\"section\" data-e-type=\"section\" data-settings=\"{&quot;background_background&quot;:&quot;classic&quot;}\">\n\t\t\t\t\t\t<div class=\"elementor-container elementor-column-gap-default\">\n\t\t\t\t\t<div class=\"elementor-column elementor-col-100 elementor-top-column elementor-element elementor-element-41c7885\" data-id=\"41c7885\" data-element_type=\"column\" data-e-type=\"column\">\n\t\t\t<div class=\"elementor-widget-wrap elementor-element-populated\">\n\t\t\t\t\t\t<div class=\"elementor-element elementor-element-e090ce7 elementor-widget elementor-widget-image\" data-id=\"e090ce7\" data-element_type=\"widget\" data-e-type=\"widget\" data-widget_type=\"image.default\">\n\t\t\t\t<div class=\"elementor-widget-container\">\n\t\t\t\t\t\t\t\t\t\t\t\t\t\t\t\t<a href=\"http:\/\/flotravaux.fr\/index.php\/amenagement-Bagnols-en-foret\/\">\n\t\t\t\t\t\t\t<img fetchpriority=\"high\" decoding=\"async\" width=\"2560\" height=\"1153\" src=\"http:\/\/flotravaux.fr\/wp-content\/uploads\/2023\/10\/20230924_175656-scaled.jpg\" class=\"attachment-full size-full wp-image-2049\" alt=\"\" srcset=\"http:\/\/flotravaux.fr\/wp-content\/uploads\/2023\/10\/20230924_175656-scaled.jpg 2560w, http:\/\/flotravaux.fr\/wp-content\/uploads\/2023\/10\/20230924_175656-300x135.jpg 300w, http:\/\/flotravaux.fr\/wp-content\/uploads\/2023\/10\/20230924_175656-1024x461.jpg 1024w, http:\/\/flotravaux.fr\/wp-content\/uploads\/2023\/10\/20230924_175656-768x346.jpg 768w, http:\/\/flotravaux.fr\/wp-content\/uploads\/2023\/10\/20230924_175656-1536x692.jpg 1536w, http:\/\/flotravaux.fr\/wp-content\/uploads\/2023\/10\/20230924_175656-2048x922.jpg 2048w\" sizes=\"(max-width: 2560px) 100vw, 2560px\" \/>\t\t\t\t\t\t\t\t<\/a>\n\t\t\t\t\t\t\t\t\t\t\t\t\t\t\t<\/div>\n\t\t\t\t<\/div>\n\t\t\t\t<div class=\"elementor-element elementor-element-d2a99e9 elementor-widget elementor-widget-text-editor\" data-id=\"d2a99e9\" data-element_type=\"widget\" data-e-type=\"widget\" data-widget_type=\"text-editor.default\">\n\t\t\t\t<div class=\"elementor-widget-container\">\n\t\t\t\t\t\t\t\t\t<p>Cr\u00e9ation d&rsquo;un massif en arc de cercle avec bordure en bois : plantation de vignes, de lavande et de v\u00e9g\u00e9taux de type m\u00e9diterran\u00e9ens. Mise en place de pouzzolane et de calcaire miel.<\/p>\t\t\t\t\t\t\t\t<\/div>\n\t\t\t\t<\/div>\n\t\t\t\t<div class=\"elementor-element elementor-element-b0db269 elementor-widget__width-initial elementor-absolute elementor-view-default elementor-widget elementor-widget-icon\" data-id=\"b0db269\" data-element_type=\"widget\" data-e-type=\"widget\" data-settings=\"{&quot;_position&quot;:&quot;absolute&quot;}\" data-widget_type=\"icon.default\">\n\t\t\t\t<div class=\"elementor-widget-container\">\n\t\t\t\t\t\t\t<div class=\"elementor-icon-wrapper\">\n\t\t\t<a class=\"elementor-icon\" href=\"http:\/\/jehiqvg.cluster030.hosting.ovh.net\/index.php\/amenagement-Bagnols-en-foret\/\">\n\t\t\t<i aria-hidden=\"true\" class=\"fas fa-step-forward\"><\/i>\t\t\t<\/a>\n\t\t<\/div>\n\t\t\t\t\t\t<\/div>\n\t\t\t\t<\/div>\n\t\t\t\t\t<\/div>\n\t\t<\/div>\n\t\t\t\t\t<\/div>\n\t\t<\/section>\n\t\t\t\t<section class=\"elementor-section elementor-top-section elementor-element elementor-element-367a3c9 elementor-section-boxed elementor-section-height-default elementor-section-height-default\" data-id=\"367a3c9\" data-element_type=\"section\" data-e-type=\"section\" data-settings=\"{&quot;background_background&quot;:&quot;classic&quot;}\">\n\t\t\t\t\t\t<div class=\"elementor-container elementor-column-gap-default\">\n\t\t\t\t\t<div class=\"elementor-column elementor-col-100 elementor-top-column elementor-element elementor-element-6e04cc1\" data-id=\"6e04cc1\" data-element_type=\"column\" data-e-type=\"column\">\n\t\t\t<div class=\"elementor-widget-wrap elementor-element-populated\">\n\t\t\t\t\t\t<div class=\"elementor-element elementor-element-444b2c3 elementor-widget elementor-widget-image\" data-id=\"444b2c3\" data-element_type=\"widget\" data-e-type=\"widget\" data-widget_type=\"image.default\">\n\t\t\t\t<div class=\"elementor-widget-container\">\n\t\t\t\t\t\t\t\t\t\t\t\t\t\t\t\t<a href=\"http:\/\/flotravaux.fr\/index.php\/amenagement-le-muy\/\">\n\t\t\t\t\t\t\t<img decoding=\"async\" src=\"http:\/\/jehiqvg.cluster030.hosting.ovh.net\/wp-content\/uploads\/2023\/08\/20230115_160459-scaled.jpg\" title=\"\" alt=\"\" loading=\"lazy\" \/>\t\t\t\t\t\t\t\t<\/a>\n\t\t\t\t\t\t\t\t\t\t\t\t\t\t\t<\/div>\n\t\t\t\t<\/div>\n\t\t\t\t<div class=\"elementor-element elementor-element-3cb3562 elementor-widget elementor-widget-text-editor\" data-id=\"3cb3562\" data-element_type=\"widget\" data-e-type=\"widget\" data-widget_type=\"text-editor.default\">\n\t\t\t\t<div class=\"elementor-widget-container\">\n\t\t\t\t\t\t\t\t\t<p>Am\u00e9nagement de jardin avec cr\u00e9ation d&rsquo;une terrasse autour de la piscine et du pool house. Plantation d&rsquo;oliviers et de muriers, cr\u00e9ation d&rsquo;un jeu de boule ainsi que d&rsquo;un parking de 250m2.<\/p>\t\t\t\t\t\t\t\t<\/div>\n\t\t\t\t<\/div>\n\t\t\t\t<div class=\"elementor-element elementor-element-0bc121e elementor-widget__width-initial elementor-absolute elementor-view-default elementor-widget elementor-widget-icon\" data-id=\"0bc121e\" data-element_type=\"widget\" data-e-type=\"widget\" data-settings=\"{&quot;_position&quot;:&quot;absolute&quot;}\" data-widget_type=\"icon.default\">\n\t\t\t\t<div class=\"elementor-widget-container\">\n\t\t\t\t\t\t\t<div class=\"elementor-icon-wrapper\">\n\t\t\t<a class=\"elementor-icon\" href=\"http:\/\/jehiqvg.cluster030.hosting.ovh.net\/index.php\/amenagement-le-muy\/\">\n\t\t\t<i aria-hidden=\"true\" class=\"fas fa-step-forward\"><\/i>\t\t\t<\/a>\n\t\t<\/div>\n\t\t\t\t\t\t<\/div>\n\t\t\t\t<\/div>\n\t\t\t\t\t<\/div>\n\t\t<\/div>\n\t\t\t\t\t<\/div>\n\t\t<\/section>\n\t\t\t\t<\/div>\n\t\t","protected":false},"excerpt":{"rendered":"<p>Am\u00e9nagement de jardins Cr\u00e9ation d&rsquo;un massif en arc de cercle avec bordure en bois : plantation de vignes, de lavande et de v\u00e9g\u00e9taux de type m\u00e9diterran\u00e9ens. Mise en place de pouzzolane et de calcaire miel. Am\u00e9nagement de jardin avec cr\u00e9ation d&rsquo;une terrasse autour de la piscine et du pool house. Plantation d&rsquo;oliviers et de muriers, [&hellip;]<\/p>\n","protected":false},"author":2,"featured_media":0,"parent":0,"menu_order":0,"comment_status":"closed","ping_status":"closed","template":"","meta":{"site-sidebar-layout":"no-sidebar","site-content-layout":"page-builder","ast-site-content-layout":"full-width-container","site-content-style":"unboxed","site-sidebar-style":"unboxed","ast-global-header-display":"","ast-banner-title-visibility":"","ast-main-header-display":"","ast-hfb-above-header-display":"","ast-hfb-below-header-display":"","ast-hfb-mobile-header-display":"","site-post-title":"disabled","ast-breadcrumbs-content":"disabled","ast-featured-img":"disabled","footer-sml-layout":"","theme-transparent-header-meta":"enabled","adv-header-id-meta":"","stick-header-meta":"","header-above-stick-meta":"","header-main-stick-meta":"","header-below-stick-meta":"","astra-migrate-meta-layouts":"set","ast-page-background-enabled":"default","ast-page-background-meta":{"desktop":{"background-color":"","background-image":"","background-repeat":"repeat","background-position":"center center","background-size":"auto","background-attachment":"scroll","background-type":"","background-media":"","overlay-type":"","overlay-color":"","overlay-opacity":"","overlay-gradient":""},"tablet":{"background-color":"","background-image":"","background-repeat":"repeat","background-position":"center center","background-size":"auto","background-attachment":"scroll","background-type":"","background-media":"","overlay-type":"","overlay-color":"","overlay-opacity":"","overlay-gradient":""},"mobile":{"background-color":"","background-image":"","background-repeat":"repeat","background-position":"center center","background-size":"auto","background-attachment":"scroll","background-type":"","background-media":"","overlay-type":"","overlay-color":"","overlay-opacity":"","overlay-gradient":""}},"ast-content-background-meta":{"desktop":{"background-color":"var(--ast-global-color-5)","background-image":"","background-repeat":"repeat","background-position":"center center","background-size":"auto","background-attachment":"scroll","background-type":"","background-media":"","overlay-type":"","overlay-color":"","overlay-opacity":"","overlay-gradient":""},"tablet":{"background-color":"var(--ast-global-color-5)","background-image":"","background-repeat":"repeat","background-position":"center center","background-size":"auto","background-attachment":"scroll","background-type":"","background-media":"","overlay-type":"","overlay-color":"","overlay-opacity":"","overlay-gradient":""},"mobile":{"background-color":"var(--ast-global-color-5)","background-image":"","background-repeat":"repeat","background-position":"center center","background-size":"auto","background-attachment":"scroll","background-type":"","background-media":"","overlay-type":"","overlay-color":"","overlay-opacity":"","overlay-gradient":""}},"footnotes":""},"class_list":["post-1887","page","type-page","status-publish","hentry"],"yoast_head":"<!-- This site is optimized with the Yoast SEO plugin v23.9 - https:\/\/yoast.com\/wordpress\/plugins\/seo\/ -->\n<title>Am\u00e9nagement de jardins - FLO TRAVAUX<\/title>\n<meta name=\"robots\" content=\"index, follow, max-snippet:-1, max-image-preview:large, max-video-preview:-1\" \/>\n<link rel=\"canonical\" href=\"http:\/\/flotravaux.fr\/index.php\/amenagement-de-jardin\/\" \/>\n<meta property=\"og:locale\" content=\"fr_FR\" \/>\n<meta property=\"og:type\" content=\"article\" \/>\n<meta property=\"og:title\" content=\"Am\u00e9nagement de jardins - FLO TRAVAUX\" \/>\n<meta property=\"og:description\" content=\"Am\u00e9nagement de jardins Cr\u00e9ation d&rsquo;un massif en arc de cercle avec bordure en bois : plantation de vignes, de lavande et de v\u00e9g\u00e9taux de type m\u00e9diterran\u00e9ens. Mise en place de pouzzolane et de calcaire miel. Am\u00e9nagement de jardin avec cr\u00e9ation d&rsquo;une terrasse autour de la piscine et du pool house. Plantation d&rsquo;oliviers et de muriers, [&hellip;]\" \/>\n<meta property=\"og:url\" content=\"http:\/\/flotravaux.fr\/index.php\/amenagement-de-jardin\/\" \/>\n<meta property=\"og:site_name\" content=\"FLO TRAVAUX\" \/>\n<meta property=\"article:publisher\" content=\"https:\/\/www.facebook.com\/p\/FLO-Travaux-100093935079877\/\" \/>\n<meta property=\"article:modified_time\" content=\"2023-12-29T15:49:24+00:00\" \/>\n<meta property=\"og:image\" content=\"http:\/\/flotravaux.fr\/wp-content\/uploads\/2023\/10\/20230924_175656-scaled.jpg\" \/>\n<meta name=\"twitter:card\" content=\"summary_large_image\" \/>\n<meta name=\"twitter:label1\" content=\"Dur\u00e9e de lecture estim\u00e9e\" \/>\n\t<meta name=\"twitter:data1\" content=\"1 minute\" \/>\n<script type=\"application\/ld+json\" class=\"yoast-schema-graph\">{\"@context\":\"https:\/\/schema.org\",\"@graph\":[{\"@type\":\"WebPage\",\"@id\":\"http:\/\/flotravaux.fr\/index.php\/amenagement-de-jardin\/\",\"url\":\"http:\/\/flotravaux.fr\/index.php\/amenagement-de-jardin\/\",\"name\":\"Am\u00e9nagement de jardins - FLO TRAVAUX\",\"isPartOf\":{\"@id\":\"http:\/\/flotravaux.fr\/#website\"},\"primaryImageOfPage\":{\"@id\":\"http:\/\/flotravaux.fr\/index.php\/amenagement-de-jardin\/#primaryimage\"},\"image\":{\"@id\":\"http:\/\/flotravaux.fr\/index.php\/amenagement-de-jardin\/#primaryimage\"},\"thumbnailUrl\":\"http:\/\/flotravaux.fr\/wp-content\/uploads\/2023\/10\/20230924_175656-scaled.jpg\",\"datePublished\":\"2023-08-19T17:38:12+00:00\",\"dateModified\":\"2023-12-29T15:49:24+00:00\",\"breadcrumb\":{\"@id\":\"http:\/\/flotravaux.fr\/index.php\/amenagement-de-jardin\/#breadcrumb\"},\"inLanguage\":\"fr-FR\",\"potentialAction\":[{\"@type\":\"ReadAction\",\"target\":[\"http:\/\/flotravaux.fr\/index.php\/amenagement-de-jardin\/\"]}]},{\"@type\":\"ImageObject\",\"inLanguage\":\"fr-FR\",\"@id\":\"http:\/\/flotravaux.fr\/index.php\/amenagement-de-jardin\/#primaryimage\",\"url\":\"http:\/\/flotravaux.fr\/wp-content\/uploads\/2023\/10\/20230924_175656-scaled.jpg\",\"contentUrl\":\"http:\/\/flotravaux.fr\/wp-content\/uploads\/2023\/10\/20230924_175656-scaled.jpg\",\"width\":2560,\"height\":1153},{\"@type\":\"BreadcrumbList\",\"@id\":\"http:\/\/flotravaux.fr\/index.php\/amenagement-de-jardin\/#breadcrumb\",\"itemListElement\":[{\"@type\":\"ListItem\",\"position\":1,\"name\":\"Accueil\",\"item\":\"http:\/\/flotravaux.fr\/\"},{\"@type\":\"ListItem\",\"position\":2,\"name\":\"Am\u00e9nagement de jardins\"}]},{\"@type\":\"WebSite\",\"@id\":\"http:\/\/flotravaux.fr\/#website\",\"url\":\"http:\/\/flotravaux.fr\/\",\"name\":\"FLO TRAVAUX\",\"description\":\"Tous travaux\",\"publisher\":{\"@id\":\"http:\/\/flotravaux.fr\/#organization\"},\"potentialAction\":[{\"@type\":\"SearchAction\",\"target\":{\"@type\":\"EntryPoint\",\"urlTemplate\":\"http:\/\/flotravaux.fr\/?s={search_term_string}\"},\"query-input\":{\"@type\":\"PropertyValueSpecification\",\"valueRequired\":true,\"valueName\":\"search_term_string\"}}],\"inLanguage\":\"fr-FR\"},{\"@type\":\"Organization\",\"@id\":\"http:\/\/flotravaux.fr\/#organization\",\"name\":\"FLO TRAVAUX\",\"url\":\"http:\/\/flotravaux.fr\/\",\"logo\":{\"@type\":\"ImageObject\",\"inLanguage\":\"fr-FR\",\"@id\":\"http:\/\/flotravaux.fr\/#\/schema\/logo\/image\/\",\"url\":\"http:\/\/flotravaux.fr\/wp-content\/uploads\/2024\/08\/cropped-Logo-Flo-Travaux.png\",\"contentUrl\":\"http:\/\/flotravaux.fr\/wp-content\/uploads\/2024\/08\/cropped-Logo-Flo-Travaux.png\",\"width\":1368,\"height\":1824,\"caption\":\"FLO TRAVAUX\"},\"image\":{\"@id\":\"http:\/\/flotravaux.fr\/#\/schema\/logo\/image\/\"},\"sameAs\":[\"https:\/\/www.facebook.com\/p\/FLO-Travaux-100093935079877\/\",\"https:\/\/www.instagram.com\/flotravaux83\/\"]}]}<\/script>\n<!-- \/ Yoast SEO plugin. -->","yoast_head_json":{"title":"Am\u00e9nagement de jardins - FLO TRAVAUX","robots":{"index":"index","follow":"follow","max-snippet":"max-snippet:-1","max-image-preview":"max-image-preview:large","max-video-preview":"max-video-preview:-1"},"canonical":"http:\/\/flotravaux.fr\/index.php\/amenagement-de-jardin\/","og_locale":"fr_FR","og_type":"article","og_title":"Am\u00e9nagement de jardins - FLO TRAVAUX","og_description":"Am\u00e9nagement de jardins Cr\u00e9ation d&rsquo;un massif en arc de cercle avec bordure en bois : plantation de vignes, de lavande et de v\u00e9g\u00e9taux de type m\u00e9diterran\u00e9ens. Mise en place de pouzzolane et de calcaire miel. Am\u00e9nagement de jardin avec cr\u00e9ation d&rsquo;une terrasse autour de la piscine et du pool house. Plantation d&rsquo;oliviers et de muriers, [&hellip;]","og_url":"http:\/\/flotravaux.fr\/index.php\/amenagement-de-jardin\/","og_site_name":"FLO TRAVAUX","article_publisher":"https:\/\/www.facebook.com\/p\/FLO-Travaux-100093935079877\/","article_modified_time":"2023-12-29T15:49:24+00:00","og_image":[{"url":"http:\/\/flotravaux.fr\/wp-content\/uploads\/2023\/10\/20230924_175656-scaled.jpg"}],"twitter_card":"summary_large_image","twitter_misc":{"Dur\u00e9e de lecture estim\u00e9e":"1 minute"},"schema":{"@context":"https:\/\/schema.org","@graph":[{"@type":"WebPage","@id":"http:\/\/flotravaux.fr\/index.php\/amenagement-de-jardin\/","url":"http:\/\/flotravaux.fr\/index.php\/amenagement-de-jardin\/","name":"Am\u00e9nagement de jardins - FLO TRAVAUX","isPartOf":{"@id":"http:\/\/flotravaux.fr\/#website"},"primaryImageOfPage":{"@id":"http:\/\/flotravaux.fr\/index.php\/amenagement-de-jardin\/#primaryimage"},"image":{"@id":"http:\/\/flotravaux.fr\/index.php\/amenagement-de-jardin\/#primaryimage"},"thumbnailUrl":"http:\/\/flotravaux.fr\/wp-content\/uploads\/2023\/10\/20230924_175656-scaled.jpg","datePublished":"2023-08-19T17:38:12+00:00","dateModified":"2023-12-29T15:49:24+00:00","breadcrumb":{"@id":"http:\/\/flotravaux.fr\/index.php\/amenagement-de-jardin\/#breadcrumb"},"inLanguage":"fr-FR","potentialAction":[{"@type":"ReadAction","target":["http:\/\/flotravaux.fr\/index.php\/amenagement-de-jardin\/"]}]},{"@type":"ImageObject","inLanguage":"fr-FR","@id":"http:\/\/flotravaux.fr\/index.php\/amenagement-de-jardin\/#primaryimage","url":"http:\/\/flotravaux.fr\/wp-content\/uploads\/2023\/10\/20230924_175656-scaled.jpg","contentUrl":"http:\/\/flotravaux.fr\/wp-content\/uploads\/2023\/10\/20230924_175656-scaled.jpg","width":2560,"height":1153},{"@type":"BreadcrumbList","@id":"http:\/\/flotravaux.fr\/index.php\/amenagement-de-jardin\/#breadcrumb","itemListElement":[{"@type":"ListItem","position":1,"name":"Accueil","item":"http:\/\/flotravaux.fr\/"},{"@type":"ListItem","position":2,"name":"Am\u00e9nagement de jardins"}]},{"@type":"WebSite","@id":"http:\/\/flotravaux.fr\/#website","url":"http:\/\/flotravaux.fr\/","name":"FLO TRAVAUX","description":"Tous travaux","publisher":{"@id":"http:\/\/flotravaux.fr\/#organization"},"potentialAction":[{"@type":"SearchAction","target":{"@type":"EntryPoint","urlTemplate":"http:\/\/flotravaux.fr\/?s={search_term_string}"},"query-input":{"@type":"PropertyValueSpecification","valueRequired":true,"valueName":"search_term_string"}}],"inLanguage":"fr-FR"},{"@type":"Organization","@id":"http:\/\/flotravaux.fr\/#organization","name":"FLO TRAVAUX","url":"http:\/\/flotravaux.fr\/","logo":{"@type":"ImageObject","inLanguage":"fr-FR","@id":"http:\/\/flotravaux.fr\/#\/schema\/logo\/image\/","url":"http:\/\/flotravaux.fr\/wp-content\/uploads\/2024\/08\/cropped-Logo-Flo-Travaux.png","contentUrl":"http:\/\/flotravaux.fr\/wp-content\/uploads\/2024\/08\/cropped-Logo-Flo-Travaux.png","width":1368,"height":1824,"caption":"FLO TRAVAUX"},"image":{"@id":"http:\/\/flotravaux.fr\/#\/schema\/logo\/image\/"},"sameAs":["https:\/\/www.facebook.com\/p\/FLO-Travaux-100093935079877\/","https:\/\/www.instagram.com\/flotravaux83\/"]}]}},"_links":{"self":[{"href":"http:\/\/flotravaux.fr\/index.php\/wp-json\/wp\/v2\/pages\/1887","targetHints":{"allow":["GET"]}}],"collection":[{"href":"http:\/\/flotravaux.fr\/index.php\/wp-json\/wp\/v2\/pages"}],"about":[{"href":"http:\/\/flotravaux.fr\/index.php\/wp-json\/wp\/v2\/types\/page"}],"author":[{"embeddable":true,"href":"http:\/\/flotravaux.fr\/index.php\/wp-json\/wp\/v2\/users\/2"}],"replies":[{"embeddable":true,"href":"http:\/\/flotravaux.fr\/index.php\/wp-json\/wp\/v2\/comments?post=1887"}],"version-history":[{"count":66,"href":"http:\/\/flotravaux.fr\/index.php\/wp-json\/wp\/v2\/pages\/1887\/revisions"}],"predecessor-version":[{"id":2380,"href":"http:\/\/flotravaux.fr\/index.php\/wp-json\/wp\/v2\/pages\/1887\/revisions\/2380"}],"wp:attachment":[{"href":"http:\/\/flotravaux.fr\/index.php\/wp-json\/wp\/v2\/media?parent=1887"}],"curies":[{"name":"wp","href":"https:\/\/api.w.org\/{rel}","templated":true}]}}