{"id":1897,"date":"2023-08-19T19:43:30","date_gmt":"2023-08-19T17:43:30","guid":{"rendered":"http:\/\/jehiqvg.cluster030.hosting.ovh.net\/?page_id=1897"},"modified":"2023-12-29T16:46:42","modified_gmt":"2023-12-29T15:46:42","slug":"piscines","status":"publish","type":"page","link":"http:\/\/flotravaux.fr\/index.php\/piscines\/","title":{"rendered":"Piscines"},"content":{"rendered":"\t\t<div data-elementor-type=\"wp-page\" data-elementor-id=\"1897\" class=\"elementor elementor-1897\">\n\t\t\t\t\t\t<section class=\"elementor-section elementor-top-section elementor-element elementor-element-61a5f05 elementor-section-boxed elementor-section-height-default elementor-section-height-default\" data-id=\"61a5f05\" data-element_type=\"section\" data-e-type=\"section\" data-settings=\"{&quot;background_background&quot;:&quot;classic&quot;}\">\n\t\t\t\t\t\t\t<div class=\"elementor-background-overlay\"><\/div>\n\t\t\t\t\t\t\t<div class=\"elementor-container elementor-column-gap-no\">\n\t\t\t\t\t<div class=\"elementor-column elementor-col-100 elementor-top-column elementor-element elementor-element-fc3dbda\" data-id=\"fc3dbda\" data-element_type=\"column\" data-e-type=\"column\">\n\t\t\t<div class=\"elementor-widget-wrap elementor-element-populated\">\n\t\t\t\t\t\t<div class=\"elementor-element elementor-element-ce7f049 elementor-widget elementor-widget-heading\" data-id=\"ce7f049\" data-element_type=\"widget\" data-e-type=\"widget\" data-widget_type=\"heading.default\">\n\t\t\t\t<div class=\"elementor-widget-container\">\n\t\t\t\t\t<h1 class=\"elementor-heading-title elementor-size-default\">Piscines<\/h1>\t\t\t\t<\/div>\n\t\t\t\t<\/div>\n\t\t\t\t\t<\/div>\n\t\t<\/div>\n\t\t\t\t\t<\/div>\n\t\t<\/section>\n\t\t\t\t<section class=\"elementor-section elementor-top-section elementor-element elementor-element-c681a19 elementor-section-boxed elementor-section-height-default elementor-section-height-default\" data-id=\"c681a19\" data-element_type=\"section\" data-e-type=\"section\" data-settings=\"{&quot;background_background&quot;:&quot;classic&quot;}\">\n\t\t\t\t\t\t<div class=\"elementor-container elementor-column-gap-default\">\n\t\t\t\t\t<div class=\"elementor-column elementor-col-100 elementor-top-column elementor-element elementor-element-bddb53d\" data-id=\"bddb53d\" data-element_type=\"column\" data-e-type=\"column\">\n\t\t\t<div class=\"elementor-widget-wrap elementor-element-populated\">\n\t\t\t\t\t\t<div class=\"elementor-element elementor-element-9d8135a elementor-widget elementor-widget-image\" data-id=\"9d8135a\" data-element_type=\"widget\" data-e-type=\"widget\" data-widget_type=\"image.default\">\n\t\t\t\t<div class=\"elementor-widget-container\">\n\t\t\t\t\t\t\t\t\t\t\t\t\t\t\t\t<a href=\"http:\/\/flotravaux.fr\/index.php\/piscine-bagnols-en-foret\">\n\t\t\t\t\t\t\t<img fetchpriority=\"high\" decoding=\"async\" width=\"1536\" height=\"691\" src=\"http:\/\/flotravaux.fr\/wp-content\/uploads\/2023\/10\/20230924_145142-1536x691.jpg\" class=\"attachment-1536x1536 size-1536x1536 wp-image-2045\" alt=\"\" srcset=\"http:\/\/flotravaux.fr\/wp-content\/uploads\/2023\/10\/20230924_145142-1536x691.jpg 1536w, http:\/\/flotravaux.fr\/wp-content\/uploads\/2023\/10\/20230924_145142-300x135.jpg 300w, http:\/\/flotravaux.fr\/wp-content\/uploads\/2023\/10\/20230924_145142-1024x461.jpg 1024w, http:\/\/flotravaux.fr\/wp-content\/uploads\/2023\/10\/20230924_145142-768x346.jpg 768w, http:\/\/flotravaux.fr\/wp-content\/uploads\/2023\/10\/20230924_145142-2048x922.jpg 2048w\" sizes=\"(max-width: 1536px) 100vw, 1536px\" \/>\t\t\t\t\t\t\t\t<\/a>\n\t\t\t\t\t\t\t\t\t\t\t\t\t\t\t<\/div>\n\t\t\t\t<\/div>\n\t\t\t\t<div class=\"elementor-element elementor-element-706ac98 elementor-widget__width-initial elementor-absolute elementor-view-default elementor-widget elementor-widget-icon\" data-id=\"706ac98\" data-element_type=\"widget\" data-e-type=\"widget\" data-settings=\"{&quot;_position&quot;:&quot;absolute&quot;}\" data-widget_type=\"icon.default\">\n\t\t\t\t<div class=\"elementor-widget-container\">\n\t\t\t\t\t\t\t<div class=\"elementor-icon-wrapper\">\n\t\t\t<a class=\"elementor-icon\" href=\"http:\/\/jehiqvg.cluster030.hosting.ovh.net\/index.php\/piscine-bagnols-en-foret\/\">\n\t\t\t<i aria-hidden=\"true\" class=\"fas fa-step-forward\"><\/i>\t\t\t<\/a>\n\t\t<\/div>\n\t\t\t\t\t\t<\/div>\n\t\t\t\t<\/div>\n\t\t\t\t<div class=\"elementor-element elementor-element-cd3a0e7 elementor-widget elementor-widget-text-editor\" data-id=\"cd3a0e7\" data-element_type=\"widget\" data-e-type=\"widget\" data-widget_type=\"text-editor.default\">\n\t\t\t\t<div class=\"elementor-widget-container\">\n\t\t\t\t\t\t\t\t\t<p>Cr\u00e9ation d&rsquo;une piscine semi-enterr\u00e9e avec sa terrasse<\/p>\t\t\t\t\t\t\t\t<\/div>\n\t\t\t\t<\/div>\n\t\t\t\t\t<\/div>\n\t\t<\/div>\n\t\t\t\t\t<\/div>\n\t\t<\/section>\n\t\t\t\t<section class=\"elementor-section elementor-top-section elementor-element elementor-element-6069aa2 elementor-section-boxed elementor-section-height-default elementor-section-height-default\" data-id=\"6069aa2\" data-element_type=\"section\" data-e-type=\"section\" data-settings=\"{&quot;background_background&quot;:&quot;classic&quot;}\">\n\t\t\t\t\t\t<div class=\"elementor-container elementor-column-gap-default\">\n\t\t\t\t\t<div class=\"elementor-column elementor-col-100 elementor-top-column elementor-element elementor-element-3a5e0e0\" data-id=\"3a5e0e0\" data-element_type=\"column\" data-e-type=\"column\">\n\t\t\t<div class=\"elementor-widget-wrap elementor-element-populated\">\n\t\t\t\t\t\t<div class=\"elementor-element elementor-element-a35f5df elementor-widget elementor-widget-image\" data-id=\"a35f5df\" data-element_type=\"widget\" data-e-type=\"widget\" data-widget_type=\"image.default\">\n\t\t\t\t<div class=\"elementor-widget-container\">\n\t\t\t\t\t\t\t\t\t\t\t\t\t\t\t\t<a href=\"http:\/\/flotravaux.fr\/index.php\/piscine-saint-raphael\/\">\n\t\t\t\t\t\t\t<img decoding=\"async\" width=\"1536\" height=\"1152\" src=\"http:\/\/flotravaux.fr\/wp-content\/uploads\/2023\/08\/20230613_110604-1536x1152.jpg\" class=\"attachment-1536x1536 size-1536x1536 wp-image-1982\" alt=\"\" srcset=\"http:\/\/flotravaux.fr\/wp-content\/uploads\/2023\/08\/20230613_110604-1536x1152.jpg 1536w, http:\/\/flotravaux.fr\/wp-content\/uploads\/2023\/08\/20230613_110604-300x225.jpg 300w, http:\/\/flotravaux.fr\/wp-content\/uploads\/2023\/08\/20230613_110604-1024x768.jpg 1024w, http:\/\/flotravaux.fr\/wp-content\/uploads\/2023\/08\/20230613_110604-768x576.jpg 768w, http:\/\/flotravaux.fr\/wp-content\/uploads\/2023\/08\/20230613_110604-2048x1536.jpg 2048w\" sizes=\"(max-width: 1536px) 100vw, 1536px\" \/>\t\t\t\t\t\t\t\t<\/a>\n\t\t\t\t\t\t\t\t\t\t\t\t\t\t\t<\/div>\n\t\t\t\t<\/div>\n\t\t\t\t<div class=\"elementor-element elementor-element-ee5b016 elementor-widget__width-initial elementor-absolute elementor-view-default elementor-widget elementor-widget-icon\" data-id=\"ee5b016\" data-element_type=\"widget\" data-e-type=\"widget\" data-settings=\"{&quot;_position&quot;:&quot;absolute&quot;}\" data-widget_type=\"icon.default\">\n\t\t\t\t<div class=\"elementor-widget-container\">\n\t\t\t\t\t\t\t<div class=\"elementor-icon-wrapper\">\n\t\t\t<a class=\"elementor-icon\" href=\"http:\/\/jehiqvg.cluster030.hosting.ovh.net\/index.php\/piscine-saint-raphael\/\">\n\t\t\t<i aria-hidden=\"true\" class=\"fas fa-step-forward\"><\/i>\t\t\t<\/a>\n\t\t<\/div>\n\t\t\t\t\t\t<\/div>\n\t\t\t\t<\/div>\n\t\t\t\t<div class=\"elementor-element elementor-element-f5fb9cd elementor-widget elementor-widget-text-editor\" data-id=\"f5fb9cd\" data-element_type=\"widget\" data-e-type=\"widget\" data-widget_type=\"text-editor.default\">\n\t\t\t\t<div class=\"elementor-widget-container\">\n\t\t\t\t\t\t\t\t\t<p>Cr\u00e9ation d&rsquo;une piscine 4 x 2.5m en b\u00e9ton<\/p>\t\t\t\t\t\t\t\t<\/div>\n\t\t\t\t<\/div>\n\t\t\t\t\t<\/div>\n\t\t<\/div>\n\t\t\t\t\t<\/div>\n\t\t<\/section>\n\t\t\t\t<\/div>\n\t\t","protected":false},"excerpt":{"rendered":"<p>Piscines Cr\u00e9ation d&rsquo;une piscine semi-enterr\u00e9e avec sa terrasse Cr\u00e9ation d&rsquo;une piscine 4 x 2.5m en b\u00e9ton<\/p>\n","protected":false},"author":2,"featured_media":0,"parent":0,"menu_order":0,"comment_status":"closed","ping_status":"closed","template":"","meta":{"site-sidebar-layout":"no-sidebar","site-content-layout":"page-builder","ast-site-content-layout":"full-width-container","site-content-style":"unboxed","site-sidebar-style":"unboxed","ast-global-header-display":"","ast-banner-title-visibility":"","ast-main-header-display":"","ast-hfb-above-header-display":"","ast-hfb-below-header-display":"","ast-hfb-mobile-header-display":"","site-post-title":"disabled","ast-breadcrumbs-content":"disabled","ast-featured-img":"disabled","footer-sml-layout":"","theme-transparent-header-meta":"enabled","adv-header-id-meta":"","stick-header-meta":"","header-above-stick-meta":"","header-main-stick-meta":"","header-below-stick-meta":"","astra-migrate-meta-layouts":"set","ast-page-background-enabled":"default","ast-page-background-meta":{"desktop":{"background-color":"","background-image":"","background-repeat":"repeat","background-position":"center center","background-size":"auto","background-attachment":"scroll","background-type":"","background-media":"","overlay-type":"","overlay-color":"","overlay-opacity":"","overlay-gradient":""},"tablet":{"background-color":"","background-image":"","background-repeat":"repeat","background-position":"center center","background-size":"auto","background-attachment":"scroll","background-type":"","background-media":"","overlay-type":"","overlay-color":"","overlay-opacity":"","overlay-gradient":""},"mobile":{"background-color":"","background-image":"","background-repeat":"repeat","background-position":"center center","background-size":"auto","background-attachment":"scroll","background-type":"","background-media":"","overlay-type":"","overlay-color":"","overlay-opacity":"","overlay-gradient":""}},"ast-content-background-meta":{"desktop":{"background-color":"var(--ast-global-color-5)","background-image":"","background-repeat":"repeat","background-position":"center center","background-size":"auto","background-attachment":"scroll","background-type":"","background-media":"","overlay-type":"","overlay-color":"","overlay-opacity":"","overlay-gradient":""},"tablet":{"background-color":"var(--ast-global-color-5)","background-image":"","background-repeat":"repeat","background-position":"center center","background-size":"auto","background-attachment":"scroll","background-type":"","background-media":"","overlay-type":"","overlay-color":"","overlay-opacity":"","overlay-gradient":""},"mobile":{"background-color":"var(--ast-global-color-5)","background-image":"","background-repeat":"repeat","background-position":"center center","background-size":"auto","background-attachment":"scroll","background-type":"","background-media":"","overlay-type":"","overlay-color":"","overlay-opacity":"","overlay-gradient":""}},"footnotes":""},"class_list":["post-1897","page","type-page","status-publish","hentry"],"yoast_head":"<!-- This site is optimized with the Yoast SEO plugin v23.9 - https:\/\/yoast.com\/wordpress\/plugins\/seo\/ -->\n<title>Piscines - FLO TRAVAUX<\/title>\n<meta name=\"robots\" content=\"index, follow, max-snippet:-1, max-image-preview:large, max-video-preview:-1\" \/>\n<link rel=\"canonical\" href=\"http:\/\/flotravaux.fr\/index.php\/piscines\/\" \/>\n<meta property=\"og:locale\" content=\"fr_FR\" \/>\n<meta property=\"og:type\" content=\"article\" \/>\n<meta property=\"og:title\" content=\"Piscines - FLO TRAVAUX\" \/>\n<meta property=\"og:description\" content=\"Piscines Cr\u00e9ation d&rsquo;une piscine semi-enterr\u00e9e avec sa terrasse Cr\u00e9ation d&rsquo;une piscine 4 x 2.5m en b\u00e9ton\" \/>\n<meta property=\"og:url\" content=\"http:\/\/flotravaux.fr\/index.php\/piscines\/\" \/>\n<meta property=\"og:site_name\" content=\"FLO TRAVAUX\" \/>\n<meta property=\"article:publisher\" content=\"https:\/\/www.facebook.com\/p\/FLO-Travaux-100093935079877\/\" \/>\n<meta property=\"article:modified_time\" content=\"2023-12-29T15:46:42+00:00\" \/>\n<meta property=\"og:image\" content=\"http:\/\/flotravaux.fr\/wp-content\/uploads\/2023\/10\/20230924_145142-1536x691.jpg\" \/>\n<meta name=\"twitter:card\" content=\"summary_large_image\" \/>\n<meta name=\"twitter:label1\" content=\"Dur\u00e9e de lecture estim\u00e9e\" \/>\n\t<meta name=\"twitter:data1\" content=\"1 minute\" \/>\n<script type=\"application\/ld+json\" class=\"yoast-schema-graph\">{\"@context\":\"https:\/\/schema.org\",\"@graph\":[{\"@type\":\"WebPage\",\"@id\":\"http:\/\/flotravaux.fr\/index.php\/piscines\/\",\"url\":\"http:\/\/flotravaux.fr\/index.php\/piscines\/\",\"name\":\"Piscines - FLO TRAVAUX\",\"isPartOf\":{\"@id\":\"http:\/\/flotravaux.fr\/#website\"},\"primaryImageOfPage\":{\"@id\":\"http:\/\/flotravaux.fr\/index.php\/piscines\/#primaryimage\"},\"image\":{\"@id\":\"http:\/\/flotravaux.fr\/index.php\/piscines\/#primaryimage\"},\"thumbnailUrl\":\"http:\/\/flotravaux.fr\/wp-content\/uploads\/2023\/10\/20230924_145142-1536x691.jpg\",\"datePublished\":\"2023-08-19T17:43:30+00:00\",\"dateModified\":\"2023-12-29T15:46:42+00:00\",\"breadcrumb\":{\"@id\":\"http:\/\/flotravaux.fr\/index.php\/piscines\/#breadcrumb\"},\"inLanguage\":\"fr-FR\",\"potentialAction\":[{\"@type\":\"ReadAction\",\"target\":[\"http:\/\/flotravaux.fr\/index.php\/piscines\/\"]}]},{\"@type\":\"ImageObject\",\"inLanguage\":\"fr-FR\",\"@id\":\"http:\/\/flotravaux.fr\/index.php\/piscines\/#primaryimage\",\"url\":\"http:\/\/flotravaux.fr\/wp-content\/uploads\/2023\/10\/20230924_145142-scaled.jpg\",\"contentUrl\":\"http:\/\/flotravaux.fr\/wp-content\/uploads\/2023\/10\/20230924_145142-scaled.jpg\",\"width\":2560,\"height\":1152},{\"@type\":\"BreadcrumbList\",\"@id\":\"http:\/\/flotravaux.fr\/index.php\/piscines\/#breadcrumb\",\"itemListElement\":[{\"@type\":\"ListItem\",\"position\":1,\"name\":\"Accueil\",\"item\":\"http:\/\/flotravaux.fr\/\"},{\"@type\":\"ListItem\",\"position\":2,\"name\":\"Piscines\"}]},{\"@type\":\"WebSite\",\"@id\":\"http:\/\/flotravaux.fr\/#website\",\"url\":\"http:\/\/flotravaux.fr\/\",\"name\":\"FLO TRAVAUX\",\"description\":\"Tous travaux\",\"publisher\":{\"@id\":\"http:\/\/flotravaux.fr\/#organization\"},\"potentialAction\":[{\"@type\":\"SearchAction\",\"target\":{\"@type\":\"EntryPoint\",\"urlTemplate\":\"http:\/\/flotravaux.fr\/?s={search_term_string}\"},\"query-input\":{\"@type\":\"PropertyValueSpecification\",\"valueRequired\":true,\"valueName\":\"search_term_string\"}}],\"inLanguage\":\"fr-FR\"},{\"@type\":\"Organization\",\"@id\":\"http:\/\/flotravaux.fr\/#organization\",\"name\":\"FLO TRAVAUX\",\"url\":\"http:\/\/flotravaux.fr\/\",\"logo\":{\"@type\":\"ImageObject\",\"inLanguage\":\"fr-FR\",\"@id\":\"http:\/\/flotravaux.fr\/#\/schema\/logo\/image\/\",\"url\":\"http:\/\/flotravaux.fr\/wp-content\/uploads\/2024\/08\/cropped-Logo-Flo-Travaux.png\",\"contentUrl\":\"http:\/\/flotravaux.fr\/wp-content\/uploads\/2024\/08\/cropped-Logo-Flo-Travaux.png\",\"width\":1368,\"height\":1824,\"caption\":\"FLO TRAVAUX\"},\"image\":{\"@id\":\"http:\/\/flotravaux.fr\/#\/schema\/logo\/image\/\"},\"sameAs\":[\"https:\/\/www.facebook.com\/p\/FLO-Travaux-100093935079877\/\",\"https:\/\/www.instagram.com\/flotravaux83\/\"]}]}<\/script>\n<!-- \/ Yoast SEO plugin. -->","yoast_head_json":{"title":"Piscines - FLO TRAVAUX","robots":{"index":"index","follow":"follow","max-snippet":"max-snippet:-1","max-image-preview":"max-image-preview:large","max-video-preview":"max-video-preview:-1"},"canonical":"http:\/\/flotravaux.fr\/index.php\/piscines\/","og_locale":"fr_FR","og_type":"article","og_title":"Piscines - FLO TRAVAUX","og_description":"Piscines Cr\u00e9ation d&rsquo;une piscine semi-enterr\u00e9e avec sa terrasse Cr\u00e9ation d&rsquo;une piscine 4 x 2.5m en b\u00e9ton","og_url":"http:\/\/flotravaux.fr\/index.php\/piscines\/","og_site_name":"FLO TRAVAUX","article_publisher":"https:\/\/www.facebook.com\/p\/FLO-Travaux-100093935079877\/","article_modified_time":"2023-12-29T15:46:42+00:00","og_image":[{"url":"http:\/\/flotravaux.fr\/wp-content\/uploads\/2023\/10\/20230924_145142-1536x691.jpg"}],"twitter_card":"summary_large_image","twitter_misc":{"Dur\u00e9e de lecture estim\u00e9e":"1 minute"},"schema":{"@context":"https:\/\/schema.org","@graph":[{"@type":"WebPage","@id":"http:\/\/flotravaux.fr\/index.php\/piscines\/","url":"http:\/\/flotravaux.fr\/index.php\/piscines\/","name":"Piscines - FLO TRAVAUX","isPartOf":{"@id":"http:\/\/flotravaux.fr\/#website"},"primaryImageOfPage":{"@id":"http:\/\/flotravaux.fr\/index.php\/piscines\/#primaryimage"},"image":{"@id":"http:\/\/flotravaux.fr\/index.php\/piscines\/#primaryimage"},"thumbnailUrl":"http:\/\/flotravaux.fr\/wp-content\/uploads\/2023\/10\/20230924_145142-1536x691.jpg","datePublished":"2023-08-19T17:43:30+00:00","dateModified":"2023-12-29T15:46:42+00:00","breadcrumb":{"@id":"http:\/\/flotravaux.fr\/index.php\/piscines\/#breadcrumb"},"inLanguage":"fr-FR","potentialAction":[{"@type":"ReadAction","target":["http:\/\/flotravaux.fr\/index.php\/piscines\/"]}]},{"@type":"ImageObject","inLanguage":"fr-FR","@id":"http:\/\/flotravaux.fr\/index.php\/piscines\/#primaryimage","url":"http:\/\/flotravaux.fr\/wp-content\/uploads\/2023\/10\/20230924_145142-scaled.jpg","contentUrl":"http:\/\/flotravaux.fr\/wp-content\/uploads\/2023\/10\/20230924_145142-scaled.jpg","width":2560,"height":1152},{"@type":"BreadcrumbList","@id":"http:\/\/flotravaux.fr\/index.php\/piscines\/#breadcrumb","itemListElement":[{"@type":"ListItem","position":1,"name":"Accueil","item":"http:\/\/flotravaux.fr\/"},{"@type":"ListItem","position":2,"name":"Piscines"}]},{"@type":"WebSite","@id":"http:\/\/flotravaux.fr\/#website","url":"http:\/\/flotravaux.fr\/","name":"FLO TRAVAUX","description":"Tous travaux","publisher":{"@id":"http:\/\/flotravaux.fr\/#organization"},"potentialAction":[{"@type":"SearchAction","target":{"@type":"EntryPoint","urlTemplate":"http:\/\/flotravaux.fr\/?s={search_term_string}"},"query-input":{"@type":"PropertyValueSpecification","valueRequired":true,"valueName":"search_term_string"}}],"inLanguage":"fr-FR"},{"@type":"Organization","@id":"http:\/\/flotravaux.fr\/#organization","name":"FLO TRAVAUX","url":"http:\/\/flotravaux.fr\/","logo":{"@type":"ImageObject","inLanguage":"fr-FR","@id":"http:\/\/flotravaux.fr\/#\/schema\/logo\/image\/","url":"http:\/\/flotravaux.fr\/wp-content\/uploads\/2024\/08\/cropped-Logo-Flo-Travaux.png","contentUrl":"http:\/\/flotravaux.fr\/wp-content\/uploads\/2024\/08\/cropped-Logo-Flo-Travaux.png","width":1368,"height":1824,"caption":"FLO TRAVAUX"},"image":{"@id":"http:\/\/flotravaux.fr\/#\/schema\/logo\/image\/"},"sameAs":["https:\/\/www.facebook.com\/p\/FLO-Travaux-100093935079877\/","https:\/\/www.instagram.com\/flotravaux83\/"]}]}},"_links":{"self":[{"href":"http:\/\/flotravaux.fr\/index.php\/wp-json\/wp\/v2\/pages\/1897","targetHints":{"allow":["GET"]}}],"collection":[{"href":"http:\/\/flotravaux.fr\/index.php\/wp-json\/wp\/v2\/pages"}],"about":[{"href":"http:\/\/flotravaux.fr\/index.php\/wp-json\/wp\/v2\/types\/page"}],"author":[{"embeddable":true,"href":"http:\/\/flotravaux.fr\/index.php\/wp-json\/wp\/v2\/users\/2"}],"replies":[{"embeddable":true,"href":"http:\/\/flotravaux.fr\/index.php\/wp-json\/wp\/v2\/comments?post=1897"}],"version-history":[{"count":55,"href":"http:\/\/flotravaux.fr\/index.php\/wp-json\/wp\/v2\/pages\/1897\/revisions"}],"predecessor-version":[{"id":2374,"href":"http:\/\/flotravaux.fr\/index.php\/wp-json\/wp\/v2\/pages\/1897\/revisions\/2374"}],"wp:attachment":[{"href":"http:\/\/flotravaux.fr\/index.php\/wp-json\/wp\/v2\/media?parent=1897"}],"curies":[{"name":"wp","href":"https:\/\/api.w.org\/{rel}","templated":true}]}}