{"id":1903,"date":"2023-08-19T19:45:48","date_gmt":"2023-08-19T17:45:48","guid":{"rendered":"http:\/\/jehiqvg.cluster030.hosting.ovh.net\/?page_id=1903"},"modified":"2024-11-18T23:54:47","modified_gmt":"2024-11-18T22:54:47","slug":"chef-de-chantier","status":"publish","type":"page","link":"http:\/\/flotravaux.fr\/index.php\/chef-de-chantier\/","title":{"rendered":"Chef de chantier"},"content":{"rendered":"\t\t<div data-elementor-type=\"wp-page\" data-elementor-id=\"1903\" class=\"elementor elementor-1903\">\n\t\t\t\t\t\t<section class=\"elementor-section elementor-top-section elementor-element elementor-element-61a5f05 elementor-section-boxed elementor-section-height-default elementor-section-height-default\" data-id=\"61a5f05\" data-element_type=\"section\" data-e-type=\"section\" data-settings=\"{&quot;background_background&quot;:&quot;classic&quot;}\">\n\t\t\t\t\t\t\t<div class=\"elementor-background-overlay\"><\/div>\n\t\t\t\t\t\t\t<div class=\"elementor-container elementor-column-gap-no\">\n\t\t\t\t\t<div class=\"elementor-column elementor-col-100 elementor-top-column elementor-element elementor-element-fc3dbda\" data-id=\"fc3dbda\" data-element_type=\"column\" data-e-type=\"column\">\n\t\t\t<div class=\"elementor-widget-wrap elementor-element-populated\">\n\t\t\t\t\t\t<div class=\"elementor-element elementor-element-ce7f049 elementor-widget elementor-widget-heading\" data-id=\"ce7f049\" data-element_type=\"widget\" data-e-type=\"widget\" data-widget_type=\"heading.default\">\n\t\t\t\t<div class=\"elementor-widget-container\">\n\t\t\t\t\t<h1 class=\"elementor-heading-title elementor-size-default\">Chef de chantier<\/h1>\t\t\t\t<\/div>\n\t\t\t\t<\/div>\n\t\t\t\t\t<\/div>\n\t\t<\/div>\n\t\t\t\t\t<\/div>\n\t\t<\/section>\n\t\t\t\t<section class=\"elementor-section elementor-top-section elementor-element elementor-element-c681a19 elementor-section-boxed elementor-section-height-default elementor-section-height-default\" data-id=\"c681a19\" data-element_type=\"section\" data-e-type=\"section\" data-settings=\"{&quot;background_background&quot;:&quot;classic&quot;}\">\n\t\t\t\t\t\t<div class=\"elementor-container elementor-column-gap-default\">\n\t\t\t\t\t<div class=\"elementor-column elementor-col-100 elementor-top-column elementor-element elementor-element-bddb53d\" data-id=\"bddb53d\" data-element_type=\"column\" data-e-type=\"column\">\n\t\t\t<div class=\"elementor-widget-wrap elementor-element-populated\">\n\t\t\t\t\t\t<div class=\"elementor-element elementor-element-9d8135a elementor-widget elementor-widget-image\" data-id=\"9d8135a\" data-element_type=\"widget\" data-e-type=\"widget\" data-widget_type=\"image.default\">\n\t\t\t\t<div class=\"elementor-widget-container\">\n\t\t\t\t\t\t\t\t\t\t\t\t\t\t\t\t<a href=\"http:\/\/flotravaux.fr\/index.php\/chef-de-chantier-hyere\/\">\n\t\t\t\t\t\t\t<img fetchpriority=\"high\" decoding=\"async\" width=\"1024\" height=\"768\" src=\"http:\/\/flotravaux.fr\/wp-content\/uploads\/2023\/08\/20230705_100207-1024x768.jpg\" class=\"attachment-large size-large wp-image-1995\" alt=\"\" srcset=\"http:\/\/flotravaux.fr\/wp-content\/uploads\/2023\/08\/20230705_100207-1024x768.jpg 1024w, http:\/\/flotravaux.fr\/wp-content\/uploads\/2023\/08\/20230705_100207-300x225.jpg 300w, http:\/\/flotravaux.fr\/wp-content\/uploads\/2023\/08\/20230705_100207-768x576.jpg 768w, http:\/\/flotravaux.fr\/wp-content\/uploads\/2023\/08\/20230705_100207-1536x1152.jpg 1536w, http:\/\/flotravaux.fr\/wp-content\/uploads\/2023\/08\/20230705_100207-2048x1536.jpg 2048w\" sizes=\"(max-width: 1024px) 100vw, 1024px\" \/>\t\t\t\t\t\t\t\t<\/a>\n\t\t\t\t\t\t\t\t\t\t\t\t\t\t\t<\/div>\n\t\t\t\t<\/div>\n\t\t\t\t<div class=\"elementor-element elementor-element-d44c513 elementor-widget__width-initial elementor-absolute elementor-view-default elementor-widget elementor-widget-icon\" data-id=\"d44c513\" data-element_type=\"widget\" data-e-type=\"widget\" data-settings=\"{&quot;_position&quot;:&quot;absolute&quot;}\" data-widget_type=\"icon.default\">\n\t\t\t\t<div class=\"elementor-widget-container\">\n\t\t\t\t\t\t\t<div class=\"elementor-icon-wrapper\">\n\t\t\t<a class=\"elementor-icon\" href=\"http:\/\/jehiqvg.cluster030.hosting.ovh.net\/index.php\/chef-de-chantier-hyere\/\">\n\t\t\t<i aria-hidden=\"true\" class=\"fas fa-step-forward\"><\/i>\t\t\t<\/a>\n\t\t<\/div>\n\t\t\t\t\t\t<\/div>\n\t\t\t\t<\/div>\n\t\t\t\t<div class=\"elementor-element elementor-element-cd3a0e7 elementor-widget elementor-widget-text-editor\" data-id=\"cd3a0e7\" data-element_type=\"widget\" data-e-type=\"widget\" data-widget_type=\"text-editor.default\">\n\t\t\t\t<div class=\"elementor-widget-container\">\n\t\t\t\t\t\t\t\t\t<p>R\u00e9alisation d&rsquo;un tron\u00e7on de l&rsquo;avenue Gambetta \u00e0 Hy\u00e8res pour la soci\u00e9t\u00e9 Eurovia. Cr\u00e9ation de 5000 m2 de b\u00e9ton bouchard\u00e9 ou d\u00e9sactiv\u00e9 , de 4000 ml de pose de bordures et de dalles de pierre calcaire du Portugal.<\/p>\t\t\t\t\t\t\t\t<\/div>\n\t\t\t\t<\/div>\n\t\t\t\t\t<\/div>\n\t\t<\/div>\n\t\t\t\t\t<\/div>\n\t\t<\/section>\n\t\t\t\t<section class=\"elementor-section elementor-top-section elementor-element elementor-element-3a80ed3 elementor-section-boxed elementor-section-height-default elementor-section-height-default\" data-id=\"3a80ed3\" data-element_type=\"section\" data-e-type=\"section\" data-settings=\"{&quot;background_background&quot;:&quot;classic&quot;}\">\n\t\t\t\t\t\t<div class=\"elementor-container elementor-column-gap-default\">\n\t\t\t\t\t<div class=\"elementor-column elementor-col-100 elementor-top-column elementor-element elementor-element-0a3cabf\" data-id=\"0a3cabf\" data-element_type=\"column\" data-e-type=\"column\">\n\t\t\t<div class=\"elementor-widget-wrap elementor-element-populated\">\n\t\t\t\t\t\t<div class=\"elementor-element elementor-element-1b282c5 elementor-widget elementor-widget-image\" data-id=\"1b282c5\" data-element_type=\"widget\" data-e-type=\"widget\" data-widget_type=\"image.default\">\n\t\t\t\t<div class=\"elementor-widget-container\">\n\t\t\t\t\t\t\t\t\t\t\t\t\t\t\t\t<a href=\"http:\/\/flotravaux.fr\/index.php\/chef-de-chantier-a52\/\">\n\t\t\t\t\t\t\t<img decoding=\"async\" width=\"1024\" height=\"768\" src=\"http:\/\/flotravaux.fr\/wp-content\/uploads\/2023\/08\/20230705_013515-1024x768.jpg\" class=\"attachment-large size-large wp-image-1989\" alt=\"\" srcset=\"http:\/\/flotravaux.fr\/wp-content\/uploads\/2023\/08\/20230705_013515-1024x768.jpg 1024w, http:\/\/flotravaux.fr\/wp-content\/uploads\/2023\/08\/20230705_013515-300x225.jpg 300w, http:\/\/flotravaux.fr\/wp-content\/uploads\/2023\/08\/20230705_013515-768x576.jpg 768w, http:\/\/flotravaux.fr\/wp-content\/uploads\/2023\/08\/20230705_013515-1536x1152.jpg 1536w, http:\/\/flotravaux.fr\/wp-content\/uploads\/2023\/08\/20230705_013515-2048x1536.jpg 2048w\" sizes=\"(max-width: 1024px) 100vw, 1024px\" \/>\t\t\t\t\t\t\t\t<\/a>\n\t\t\t\t\t\t\t\t\t\t\t\t\t\t\t<\/div>\n\t\t\t\t<\/div>\n\t\t\t\t<div class=\"elementor-element elementor-element-9d04891 elementor-widget__width-initial elementor-absolute elementor-view-default elementor-widget elementor-widget-icon\" data-id=\"9d04891\" data-element_type=\"widget\" data-e-type=\"widget\" data-settings=\"{&quot;_position&quot;:&quot;absolute&quot;}\" data-widget_type=\"icon.default\">\n\t\t\t\t<div class=\"elementor-widget-container\">\n\t\t\t\t\t\t\t<div class=\"elementor-icon-wrapper\">\n\t\t\t<a class=\"elementor-icon\" href=\"http:\/\/jehiqvg.cluster030.hosting.ovh.net\/index.php\/chef-de-chantier-a52\/\">\n\t\t\t<i aria-hidden=\"true\" class=\"fas fa-step-forward\"><\/i>\t\t\t<\/a>\n\t\t<\/div>\n\t\t\t\t\t\t<\/div>\n\t\t\t\t<\/div>\n\t\t\t\t<div class=\"elementor-element elementor-element-303a504 elementor-widget elementor-widget-text-editor\" data-id=\"303a504\" data-element_type=\"widget\" data-e-type=\"widget\" data-widget_type=\"text-editor.default\">\n\t\t\t\t<div class=\"elementor-widget-container\">\n\t\t\t\t\t\t\t\t\t<p>R\u00e9alisation de 40 000 m2 d&rsquo;enrob\u00e9s pour la soci\u00e9t\u00e9 Eurovia sur l&rsquo;A52<\/p>\t\t\t\t\t\t\t\t<\/div>\n\t\t\t\t<\/div>\n\t\t\t\t\t<\/div>\n\t\t<\/div>\n\t\t\t\t\t<\/div>\n\t\t<\/section>\n\t\t\t\t<section class=\"elementor-section elementor-top-section elementor-element elementor-element-d612c52 elementor-section-boxed elementor-section-height-default elementor-section-height-default\" data-id=\"d612c52\" data-element_type=\"section\" data-e-type=\"section\" data-settings=\"{&quot;background_background&quot;:&quot;classic&quot;}\">\n\t\t\t\t\t\t<div class=\"elementor-container elementor-column-gap-default\">\n\t\t\t\t\t<div class=\"elementor-column elementor-col-100 elementor-top-column elementor-element elementor-element-ac50a40\" data-id=\"ac50a40\" data-element_type=\"column\" data-e-type=\"column\">\n\t\t\t<div class=\"elementor-widget-wrap elementor-element-populated\">\n\t\t\t\t\t\t<div class=\"elementor-element elementor-element-cc2b936 elementor-widget elementor-widget-image\" data-id=\"cc2b936\" data-element_type=\"widget\" data-e-type=\"widget\" data-widget_type=\"image.default\">\n\t\t\t\t<div class=\"elementor-widget-container\">\n\t\t\t\t\t\t\t\t\t\t\t\t\t\t\t\t<a href=\"http:\/\/flotravaux.fr\/index.php\/chef-de-chantier-a52\/\">\n\t\t\t\t\t\t\t<img decoding=\"async\" width=\"461\" height=\"1024\" src=\"http:\/\/flotravaux.fr\/wp-content\/uploads\/2024\/11\/Chef_de_chantier02-461x1024.jpg\" class=\"attachment-large size-large wp-image-2442\" alt=\"Tron\u00e7on de diff\u00e9rents r\u00e9seaux - Puget-ville\" srcset=\"http:\/\/flotravaux.fr\/wp-content\/uploads\/2024\/11\/Chef_de_chantier02-461x1024.jpg 461w, http:\/\/flotravaux.fr\/wp-content\/uploads\/2024\/11\/Chef_de_chantier02-135x300.jpg 135w, http:\/\/flotravaux.fr\/wp-content\/uploads\/2024\/11\/Chef_de_chantier02-768x1705.jpg 768w, http:\/\/flotravaux.fr\/wp-content\/uploads\/2024\/11\/Chef_de_chantier02-692x1536.jpg 692w, http:\/\/flotravaux.fr\/wp-content\/uploads\/2024\/11\/Chef_de_chantier02-922x2048.jpg 922w, http:\/\/flotravaux.fr\/wp-content\/uploads\/2024\/11\/Chef_de_chantier02-scaled.jpg 1153w\" sizes=\"(max-width: 461px) 100vw, 461px\" \/>\t\t\t\t\t\t\t\t<\/a>\n\t\t\t\t\t\t\t\t\t\t\t\t\t\t\t<\/div>\n\t\t\t\t<\/div>\n\t\t\t\t<div class=\"elementor-element elementor-element-a844039 elementor-widget__width-initial elementor-absolute elementor-view-default elementor-widget elementor-widget-icon\" data-id=\"a844039\" data-element_type=\"widget\" data-e-type=\"widget\" data-settings=\"{&quot;_position&quot;:&quot;absolute&quot;}\" data-widget_type=\"icon.default\">\n\t\t\t\t<div class=\"elementor-widget-container\">\n\t\t\t\t\t\t\t<div class=\"elementor-icon-wrapper\">\n\t\t\t<a class=\"elementor-icon\" href=\"https:\/\/flotravaux.fr\/index.php\/chef-de-chantier\/chef-de-chantier-puget-ville\/\">\n\t\t\t<i aria-hidden=\"true\" class=\"fas fa-step-forward\"><\/i>\t\t\t<\/a>\n\t\t<\/div>\n\t\t\t\t\t\t<\/div>\n\t\t\t\t<\/div>\n\t\t\t\t<div class=\"elementor-element elementor-element-dc8c117 elementor-widget elementor-widget-text-editor\" data-id=\"dc8c117\" data-element_type=\"widget\" data-e-type=\"widget\" data-widget_type=\"text-editor.default\">\n\t\t\t\t<div class=\"elementor-widget-container\">\n\t\t\t\t\t\t\t\t\t<p>R\u00e9alisation d&rsquo; un tron\u00e7on de\u00a0 plus de 200ml de diff\u00e9rents r\u00e9seaux\u00a0 (EU, EP, eaux potables, \u00e9clairage,vid\u00e9o et arrosage) pour le compte de la soci\u00e9t\u00e9 Zattera Durbano sur la route principale de Puget-ville<\/p>\t\t\t\t\t\t\t\t<\/div>\n\t\t\t\t<\/div>\n\t\t\t\t\t<\/div>\n\t\t<\/div>\n\t\t\t\t\t<\/div>\n\t\t<\/section>\n\t\t\t\t<\/div>\n\t\t","protected":false},"excerpt":{"rendered":"<p>Chef de chantier R\u00e9alisation d&rsquo;un tron\u00e7on de l&rsquo;avenue Gambetta \u00e0 Hy\u00e8res pour la soci\u00e9t\u00e9 Eurovia. Cr\u00e9ation de 5000 m2 de b\u00e9ton bouchard\u00e9 ou d\u00e9sactiv\u00e9 , de 4000 ml de pose de bordures et de dalles de pierre calcaire du Portugal. R\u00e9alisation de 40 000 m2 d&rsquo;enrob\u00e9s pour la soci\u00e9t\u00e9 Eurovia sur l&rsquo;A52 R\u00e9alisation d&rsquo; un [&hellip;]<\/p>\n","protected":false},"author":2,"featured_media":0,"parent":0,"menu_order":0,"comment_status":"closed","ping_status":"closed","template":"","meta":{"site-sidebar-layout":"no-sidebar","site-content-layout":"page-builder","ast-site-content-layout":"full-width-container","site-content-style":"unboxed","site-sidebar-style":"unboxed","ast-global-header-display":"","ast-banner-title-visibility":"","ast-main-header-display":"","ast-hfb-above-header-display":"","ast-hfb-below-header-display":"","ast-hfb-mobile-header-display":"","site-post-title":"disabled","ast-breadcrumbs-content":"disabled","ast-featured-img":"disabled","footer-sml-layout":"","theme-transparent-header-meta":"enabled","adv-header-id-meta":"","stick-header-meta":"","header-above-stick-meta":"","header-main-stick-meta":"","header-below-stick-meta":"","astra-migrate-meta-layouts":"set","ast-page-background-enabled":"default","ast-page-background-meta":{"desktop":{"background-color":"","background-image":"","background-repeat":"repeat","background-position":"center center","background-size":"auto","background-attachment":"scroll","background-type":"","background-media":"","overlay-type":"","overlay-color":"","overlay-opacity":"","overlay-gradient":""},"tablet":{"background-color":"","background-image":"","background-repeat":"repeat","background-position":"center center","background-size":"auto","background-attachment":"scroll","background-type":"","background-media":"","overlay-type":"","overlay-color":"","overlay-opacity":"","overlay-gradient":""},"mobile":{"background-color":"","background-image":"","background-repeat":"repeat","background-position":"center center","background-size":"auto","background-attachment":"scroll","background-type":"","background-media":"","overlay-type":"","overlay-color":"","overlay-opacity":"","overlay-gradient":""}},"ast-content-background-meta":{"desktop":{"background-color":"var(--ast-global-color-5)","background-image":"","background-repeat":"repeat","background-position":"center center","background-size":"auto","background-attachment":"scroll","background-type":"","background-media":"","overlay-type":"","overlay-color":"","overlay-opacity":"","overlay-gradient":""},"tablet":{"background-color":"var(--ast-global-color-5)","background-image":"","background-repeat":"repeat","background-position":"center center","background-size":"auto","background-attachment":"scroll","background-type":"","background-media":"","overlay-type":"","overlay-color":"","overlay-opacity":"","overlay-gradient":""},"mobile":{"background-color":"var(--ast-global-color-5)","background-image":"","background-repeat":"repeat","background-position":"center center","background-size":"auto","background-attachment":"scroll","background-type":"","background-media":"","overlay-type":"","overlay-color":"","overlay-opacity":"","overlay-gradient":""}},"footnotes":""},"class_list":["post-1903","page","type-page","status-publish","hentry"],"yoast_head":"<!-- This site is optimized with the Yoast SEO plugin v23.9 - https:\/\/yoast.com\/wordpress\/plugins\/seo\/ -->\n<title>Chef de chantier - FLO TRAVAUX<\/title>\n<meta name=\"robots\" content=\"index, follow, max-snippet:-1, max-image-preview:large, max-video-preview:-1\" \/>\n<link rel=\"canonical\" href=\"http:\/\/flotravaux.fr\/index.php\/chef-de-chantier\/\" \/>\n<meta property=\"og:locale\" content=\"fr_FR\" \/>\n<meta property=\"og:type\" content=\"article\" \/>\n<meta property=\"og:title\" content=\"Chef de chantier - FLO TRAVAUX\" \/>\n<meta property=\"og:description\" content=\"Chef de chantier R\u00e9alisation d&rsquo;un tron\u00e7on de l&rsquo;avenue Gambetta \u00e0 Hy\u00e8res pour la soci\u00e9t\u00e9 Eurovia. Cr\u00e9ation de 5000 m2 de b\u00e9ton bouchard\u00e9 ou d\u00e9sactiv\u00e9 , de 4000 ml de pose de bordures et de dalles de pierre calcaire du Portugal. R\u00e9alisation de 40 000 m2 d&rsquo;enrob\u00e9s pour la soci\u00e9t\u00e9 Eurovia sur l&rsquo;A52 R\u00e9alisation d&rsquo; un [&hellip;]\" \/>\n<meta property=\"og:url\" content=\"http:\/\/flotravaux.fr\/index.php\/chef-de-chantier\/\" \/>\n<meta property=\"og:site_name\" content=\"FLO TRAVAUX\" \/>\n<meta property=\"article:publisher\" content=\"https:\/\/www.facebook.com\/p\/FLO-Travaux-100093935079877\/\" \/>\n<meta property=\"article:modified_time\" content=\"2024-11-18T22:54:47+00:00\" \/>\n<meta property=\"og:image\" content=\"http:\/\/flotravaux.fr\/wp-content\/uploads\/2023\/08\/20230705_100207-1024x768.jpg\" \/>\n<meta name=\"twitter:card\" content=\"summary_large_image\" \/>\n<meta name=\"twitter:label1\" content=\"Dur\u00e9e de lecture estim\u00e9e\" \/>\n\t<meta name=\"twitter:data1\" content=\"2 minutes\" \/>\n<script type=\"application\/ld+json\" class=\"yoast-schema-graph\">{\"@context\":\"https:\/\/schema.org\",\"@graph\":[{\"@type\":\"WebPage\",\"@id\":\"http:\/\/flotravaux.fr\/index.php\/chef-de-chantier\/\",\"url\":\"http:\/\/flotravaux.fr\/index.php\/chef-de-chantier\/\",\"name\":\"Chef de chantier - FLO TRAVAUX\",\"isPartOf\":{\"@id\":\"http:\/\/flotravaux.fr\/#website\"},\"primaryImageOfPage\":{\"@id\":\"http:\/\/flotravaux.fr\/index.php\/chef-de-chantier\/#primaryimage\"},\"image\":{\"@id\":\"http:\/\/flotravaux.fr\/index.php\/chef-de-chantier\/#primaryimage\"},\"thumbnailUrl\":\"http:\/\/flotravaux.fr\/wp-content\/uploads\/2023\/08\/20230705_100207-1024x768.jpg\",\"datePublished\":\"2023-08-19T17:45:48+00:00\",\"dateModified\":\"2024-11-18T22:54:47+00:00\",\"breadcrumb\":{\"@id\":\"http:\/\/flotravaux.fr\/index.php\/chef-de-chantier\/#breadcrumb\"},\"inLanguage\":\"fr-FR\",\"potentialAction\":[{\"@type\":\"ReadAction\",\"target\":[\"http:\/\/flotravaux.fr\/index.php\/chef-de-chantier\/\"]}]},{\"@type\":\"ImageObject\",\"inLanguage\":\"fr-FR\",\"@id\":\"http:\/\/flotravaux.fr\/index.php\/chef-de-chantier\/#primaryimage\",\"url\":\"http:\/\/flotravaux.fr\/wp-content\/uploads\/2023\/08\/20230705_100207-scaled.jpg\",\"contentUrl\":\"http:\/\/flotravaux.fr\/wp-content\/uploads\/2023\/08\/20230705_100207-scaled.jpg\",\"width\":2560,\"height\":1920},{\"@type\":\"BreadcrumbList\",\"@id\":\"http:\/\/flotravaux.fr\/index.php\/chef-de-chantier\/#breadcrumb\",\"itemListElement\":[{\"@type\":\"ListItem\",\"position\":1,\"name\":\"Accueil\",\"item\":\"http:\/\/flotravaux.fr\/\"},{\"@type\":\"ListItem\",\"position\":2,\"name\":\"Chef de chantier\"}]},{\"@type\":\"WebSite\",\"@id\":\"http:\/\/flotravaux.fr\/#website\",\"url\":\"http:\/\/flotravaux.fr\/\",\"name\":\"FLO TRAVAUX\",\"description\":\"Tous travaux\",\"publisher\":{\"@id\":\"http:\/\/flotravaux.fr\/#organization\"},\"potentialAction\":[{\"@type\":\"SearchAction\",\"target\":{\"@type\":\"EntryPoint\",\"urlTemplate\":\"http:\/\/flotravaux.fr\/?s={search_term_string}\"},\"query-input\":{\"@type\":\"PropertyValueSpecification\",\"valueRequired\":true,\"valueName\":\"search_term_string\"}}],\"inLanguage\":\"fr-FR\"},{\"@type\":\"Organization\",\"@id\":\"http:\/\/flotravaux.fr\/#organization\",\"name\":\"FLO TRAVAUX\",\"url\":\"http:\/\/flotravaux.fr\/\",\"logo\":{\"@type\":\"ImageObject\",\"inLanguage\":\"fr-FR\",\"@id\":\"http:\/\/flotravaux.fr\/#\/schema\/logo\/image\/\",\"url\":\"http:\/\/flotravaux.fr\/wp-content\/uploads\/2024\/08\/cropped-Logo-Flo-Travaux.png\",\"contentUrl\":\"http:\/\/flotravaux.fr\/wp-content\/uploads\/2024\/08\/cropped-Logo-Flo-Travaux.png\",\"width\":1368,\"height\":1824,\"caption\":\"FLO TRAVAUX\"},\"image\":{\"@id\":\"http:\/\/flotravaux.fr\/#\/schema\/logo\/image\/\"},\"sameAs\":[\"https:\/\/www.facebook.com\/p\/FLO-Travaux-100093935079877\/\",\"https:\/\/www.instagram.com\/flotravaux83\/\"]}]}<\/script>\n<!-- \/ Yoast SEO plugin. -->","yoast_head_json":{"title":"Chef de chantier - FLO TRAVAUX","robots":{"index":"index","follow":"follow","max-snippet":"max-snippet:-1","max-image-preview":"max-image-preview:large","max-video-preview":"max-video-preview:-1"},"canonical":"http:\/\/flotravaux.fr\/index.php\/chef-de-chantier\/","og_locale":"fr_FR","og_type":"article","og_title":"Chef de chantier - FLO TRAVAUX","og_description":"Chef de chantier R\u00e9alisation d&rsquo;un tron\u00e7on de l&rsquo;avenue Gambetta \u00e0 Hy\u00e8res pour la soci\u00e9t\u00e9 Eurovia. Cr\u00e9ation de 5000 m2 de b\u00e9ton bouchard\u00e9 ou d\u00e9sactiv\u00e9 , de 4000 ml de pose de bordures et de dalles de pierre calcaire du Portugal. R\u00e9alisation de 40 000 m2 d&rsquo;enrob\u00e9s pour la soci\u00e9t\u00e9 Eurovia sur l&rsquo;A52 R\u00e9alisation d&rsquo; un [&hellip;]","og_url":"http:\/\/flotravaux.fr\/index.php\/chef-de-chantier\/","og_site_name":"FLO TRAVAUX","article_publisher":"https:\/\/www.facebook.com\/p\/FLO-Travaux-100093935079877\/","article_modified_time":"2024-11-18T22:54:47+00:00","og_image":[{"url":"http:\/\/flotravaux.fr\/wp-content\/uploads\/2023\/08\/20230705_100207-1024x768.jpg"}],"twitter_card":"summary_large_image","twitter_misc":{"Dur\u00e9e de lecture estim\u00e9e":"2 minutes"},"schema":{"@context":"https:\/\/schema.org","@graph":[{"@type":"WebPage","@id":"http:\/\/flotravaux.fr\/index.php\/chef-de-chantier\/","url":"http:\/\/flotravaux.fr\/index.php\/chef-de-chantier\/","name":"Chef de chantier - FLO TRAVAUX","isPartOf":{"@id":"http:\/\/flotravaux.fr\/#website"},"primaryImageOfPage":{"@id":"http:\/\/flotravaux.fr\/index.php\/chef-de-chantier\/#primaryimage"},"image":{"@id":"http:\/\/flotravaux.fr\/index.php\/chef-de-chantier\/#primaryimage"},"thumbnailUrl":"http:\/\/flotravaux.fr\/wp-content\/uploads\/2023\/08\/20230705_100207-1024x768.jpg","datePublished":"2023-08-19T17:45:48+00:00","dateModified":"2024-11-18T22:54:47+00:00","breadcrumb":{"@id":"http:\/\/flotravaux.fr\/index.php\/chef-de-chantier\/#breadcrumb"},"inLanguage":"fr-FR","potentialAction":[{"@type":"ReadAction","target":["http:\/\/flotravaux.fr\/index.php\/chef-de-chantier\/"]}]},{"@type":"ImageObject","inLanguage":"fr-FR","@id":"http:\/\/flotravaux.fr\/index.php\/chef-de-chantier\/#primaryimage","url":"http:\/\/flotravaux.fr\/wp-content\/uploads\/2023\/08\/20230705_100207-scaled.jpg","contentUrl":"http:\/\/flotravaux.fr\/wp-content\/uploads\/2023\/08\/20230705_100207-scaled.jpg","width":2560,"height":1920},{"@type":"BreadcrumbList","@id":"http:\/\/flotravaux.fr\/index.php\/chef-de-chantier\/#breadcrumb","itemListElement":[{"@type":"ListItem","position":1,"name":"Accueil","item":"http:\/\/flotravaux.fr\/"},{"@type":"ListItem","position":2,"name":"Chef de chantier"}]},{"@type":"WebSite","@id":"http:\/\/flotravaux.fr\/#website","url":"http:\/\/flotravaux.fr\/","name":"FLO TRAVAUX","description":"Tous travaux","publisher":{"@id":"http:\/\/flotravaux.fr\/#organization"},"potentialAction":[{"@type":"SearchAction","target":{"@type":"EntryPoint","urlTemplate":"http:\/\/flotravaux.fr\/?s={search_term_string}"},"query-input":{"@type":"PropertyValueSpecification","valueRequired":true,"valueName":"search_term_string"}}],"inLanguage":"fr-FR"},{"@type":"Organization","@id":"http:\/\/flotravaux.fr\/#organization","name":"FLO TRAVAUX","url":"http:\/\/flotravaux.fr\/","logo":{"@type":"ImageObject","inLanguage":"fr-FR","@id":"http:\/\/flotravaux.fr\/#\/schema\/logo\/image\/","url":"http:\/\/flotravaux.fr\/wp-content\/uploads\/2024\/08\/cropped-Logo-Flo-Travaux.png","contentUrl":"http:\/\/flotravaux.fr\/wp-content\/uploads\/2024\/08\/cropped-Logo-Flo-Travaux.png","width":1368,"height":1824,"caption":"FLO TRAVAUX"},"image":{"@id":"http:\/\/flotravaux.fr\/#\/schema\/logo\/image\/"},"sameAs":["https:\/\/www.facebook.com\/p\/FLO-Travaux-100093935079877\/","https:\/\/www.instagram.com\/flotravaux83\/"]}]}},"_links":{"self":[{"href":"http:\/\/flotravaux.fr\/index.php\/wp-json\/wp\/v2\/pages\/1903","targetHints":{"allow":["GET"]}}],"collection":[{"href":"http:\/\/flotravaux.fr\/index.php\/wp-json\/wp\/v2\/pages"}],"about":[{"href":"http:\/\/flotravaux.fr\/index.php\/wp-json\/wp\/v2\/types\/page"}],"author":[{"embeddable":true,"href":"http:\/\/flotravaux.fr\/index.php\/wp-json\/wp\/v2\/users\/2"}],"replies":[{"embeddable":true,"href":"http:\/\/flotravaux.fr\/index.php\/wp-json\/wp\/v2\/comments?post=1903"}],"version-history":[{"count":37,"href":"http:\/\/flotravaux.fr\/index.php\/wp-json\/wp\/v2\/pages\/1903\/revisions"}],"predecessor-version":[{"id":2466,"href":"http:\/\/flotravaux.fr\/index.php\/wp-json\/wp\/v2\/pages\/1903\/revisions\/2466"}],"wp:attachment":[{"href":"http:\/\/flotravaux.fr\/index.php\/wp-json\/wp\/v2\/media?parent=1903"}],"curies":[{"name":"wp","href":"https:\/\/api.w.org\/{rel}","templated":true}]}}